{"id":853,"date":"2024-01-13T13:48:19","date_gmt":"2024-01-13T05:48:19","guid":{"rendered":"https:\/\/grandway.sg\/trach-nhiem-xa-hoi-cua-doanh-nghiep\/"},"modified":"2024-02-08T09:42:02","modified_gmt":"2024-02-08T01:42:02","slug":"trach-nhiem-xa-hoi-cua-doanh-nghiep","status":"publish","type":"page","link":"https:\/\/grandway.sg\/vi\/trach-nhiem-xa-hoi-cua-doanh-nghiep\/","title":{"rendered":"Tr\u00e1ch nhi\u1ec7m x\u00e3 h\u1ed9i c\u1ee7a doanh nghi\u1ec7p"},"content":{"rendered":"\t\t<div data-elementor-type=\"wp-page\" data-elementor-id=\"853\" class=\"elementor elementor-853 elementor-41\">\n\t\t\t\t<div class=\"elementor-element elementor-element-28e32956 e-con-full e-flex e-con e-parent\" data-id=\"28e32956\" data-element_type=\"container\" data-settings=\"{&quot;background_background&quot;:&quot;classic&quot;}\">\n\t\t\t\t<\/div>\n\t\t<div class=\"elementor-element elementor-element-88486b5 e-flex e-con-boxed e-con e-parent\" data-id=\"88486b5\" data-element_type=\"container\">\n\t\t\t\t\t<div class=\"e-con-inner\">\n\t\t\t\t<div class=\"elementor-element elementor-element-20244bb elementor-widget elementor-widget-text-editor\" data-id=\"20244bb\" data-element_type=\"widget\" data-widget_type=\"text-editor.default\">\n\t\t\t\t<div class=\"elementor-widget-container\">\n\t\t\t\t\t\t\t\t\t<p>Ph\u00f2ng qu\u1ea3n l\u00fd t\u00e0i ch\u00ednh gia \u0111\u00ecnh GrandWay t\u00edch c\u1ef1c th\u00fac \u0111\u1ea9y tr\u00e1ch nhi\u1ec7m x\u00e3 h\u1ed9i c\u1ee7a doanh nghi\u1ec7p, <br \/>nh\u1ea5n m\u1ea1nh v\u00e0o s\u1ef1 \u0111a d\u1ea1ng, c\u00f4ng b\u1eb1ng v\u00e0 h\u00f2a nh\u1eadp. Ch\u00fang t\u00f4i cam k\u1ebft t\u1ea1o ra c\u00e1c c\u01a1 h\u1ed9i b\u00ecnh \u0111\u1eb3ng, <br \/>cam k\u1ebft x\u00e2y d\u1ef1ng m\u1ed9t c\u1ed9ng \u0111\u1ed3ng ph\u00e1t tri\u1ec3n b\u1ec1n v\u1eefng v\u00e0 th\u1ecbnh v\u01b0\u1ee3ng, <br \/>th\u00fac \u0111\u1ea9y c\u00e1c t\u00e1c \u0111\u1ed9ng x\u00e3 h\u1ed9i t\u00edch c\u1ef1c b\u00ean ngo\u00e0i l\u0129nh v\u1ef1c t\u00e0i ch\u00ednh.<\/p>\t\t\t\t\t\t\t\t<\/div>\n\t\t\t\t<\/div>\n\t\t\t\t\t<\/div>\n\t\t\t\t<\/div>\n\t\t<div class=\"elementor-element elementor-element-d212acc e-flex e-con-boxed e-con e-parent\" data-id=\"d212acc\" data-element_type=\"container\">\n\t\t\t\t\t<div class=\"e-con-inner\">\n\t\t<div class=\"elementor-element elementor-element-cc2a4b1 e-con-full e-flex e-con e-child\" data-id=\"cc2a4b1\" data-element_type=\"container\">\n\t\t\t\t<div class=\"elementor-element elementor-element-83740fe elementor-widget elementor-widget-image\" data-id=\"83740fe\" data-element_type=\"widget\" data-widget_type=\"image.default\">\n\t\t\t\t<div class=\"elementor-widget-container\">\n\t\t\t\t\t\t\t\t\t\t\t\t\t\t\t<img fetchpriority=\"high\" decoding=\"async\" width=\"1024\" height=\"683\" src=\"https:\/\/grandway.sg\/wp-content\/uploads\/2024\/01\/image131-1024x683.jpg\" class=\"attachment-large size-large wp-image-109\" alt=\"\" srcset=\"https:\/\/grandway.sg\/wp-content\/uploads\/2024\/01\/image131-1024x683.jpg 1024w, https:\/\/grandway.sg\/wp-content\/uploads\/2024\/01\/image131-300x200.jpg 300w, https:\/\/grandway.sg\/wp-content\/uploads\/2024\/01\/image131-768x512.jpg 768w, https:\/\/grandway.sg\/wp-content\/uploads\/2024\/01\/image131.jpg 1124w\" sizes=\"(max-width: 1024px) 100vw, 1024px\" \/>\t\t\t\t\t\t\t\t\t\t\t\t\t\t\t<\/div>\n\t\t\t\t<\/div>\n\t\t\t\t<\/div>\n\t\t<div class=\"elementor-element elementor-element-ea3c65e e-con-full e-flex e-con e-child\" data-id=\"ea3c65e\" data-element_type=\"container\">\n\t\t\t\t<div class=\"elementor-element elementor-element-e97c628 elementor-widget elementor-widget-heading\" data-id=\"e97c628\" data-element_type=\"widget\" data-widget_type=\"heading.default\">\n\t\t\t\t<div class=\"elementor-widget-container\">\n\t\t\t\t\t<h2 class=\"elementor-heading-title elementor-size-default\">\u0110a d\u1ea1ng, c\u00f4ng b\u1eb1ng v\u00e0 h\u00f2a nh\u1eadp<\/h2>\t\t\t\t<\/div>\n\t\t\t\t<\/div>\n\t\t\t\t<div class=\"elementor-element elementor-element-0f7b4d9 elementor-widget elementor-widget-text-editor\" data-id=\"0f7b4d9\" data-element_type=\"widget\" data-widget_type=\"text-editor.default\">\n\t\t\t\t<div class=\"elementor-widget-container\">\n\t\t\t\t\t\t\t\t\t<p>T\u1ea1i Grandway, ch\u00fang t\u00f4i cam k\u1ebft m\u1ea1nh m\u1ebd \u0111\u1ed1i v\u1edbi s\u1ef1 \u0111a d\u1ea1ng, c\u00f4ng b\u1eb1ng v\u00e0 h\u00f2a nh\u1eadp, \u0111\u1ea3m b\u1ea3o r\u1eb1ng c\u00e1c c\u00e1 nh\u00e2n t\u1eeb nhi\u1ec1u n\u1ec1n t\u1ea3ng v\u00e0 tr\u1ea3i nghi\u1ec7m cu\u1ed9c s\u1ed1ng kh\u00e1c nhau c\u00f3 th\u1ec3 ph\u00e1t tri\u1ec3n trong c\u00f4ng ty v\u00e0 ng\u00e0nh c\u1ee7a ch\u00fang t\u00f4i. Ch\u00fang t\u00f4i cam k\u1ebft cung c\u1ea5p c\u00e1c c\u01a1 h\u1ed9i v\u00e0 ngu\u1ed3n l\u1ef1c b\u00ecnh \u0111\u1eb3ng \u0111\u1ec3 t\u1ea1o ra m\u1ed9t m\u00f4i tr\u01b0\u1eddng m\u00e0 t\u1ea5t c\u1ea3 m\u1ecdi ng\u01b0\u1eddi \u0111\u1ec1u c\u00f3 th\u1ec3 \u0111\u1ea1t \u0111\u01b0\u1ee3c th\u00e0nh c\u00f4ng c\u00e1 nh\u00e2n v\u00e0 s\u1ef1 nghi\u1ec7p.<\/p>\t\t\t\t\t\t\t\t<\/div>\n\t\t\t\t<\/div>\n\t\t\t\t<\/div>\n\t\t\t\t\t<\/div>\n\t\t\t\t<\/div>\n\t\t<div class=\"elementor-element elementor-element-da20e0b e-flex e-con-boxed e-con e-parent\" data-id=\"da20e0b\" data-element_type=\"container\">\n\t\t\t\t\t<div class=\"e-con-inner\">\n\t\t<div class=\"elementor-element elementor-element-e0a13fc e-con-full e-flex e-con e-child\" data-id=\"e0a13fc\" data-element_type=\"container\">\n\t\t\t\t<div class=\"elementor-element elementor-element-192dd6c elementor-widget elementor-widget-heading\" data-id=\"192dd6c\" data-element_type=\"widget\" data-widget_type=\"heading.default\">\n\t\t\t\t<div class=\"elementor-widget-container\">\n\t\t\t\t\t<h2 class=\"elementor-heading-title elementor-size-default\">X\u00e2y d\u1ef1ng c\u1ed9ng \u0111\u1ed3ng t\u01b0\u01a1ng lai ph\u00e1t tri\u1ec3n b\u1ec1n v\u1eefng<\/h2>\t\t\t\t<\/div>\n\t\t\t\t<\/div>\n\t\t\t\t<div class=\"elementor-element elementor-element-b20a0c9 elementor-widget elementor-widget-text-editor\" data-id=\"b20a0c9\" data-element_type=\"widget\" data-widget_type=\"text-editor.default\">\n\t\t\t\t<div class=\"elementor-widget-container\">\n\t\t\t\t\t\t\t\t\t<p>T\u1ea1i Grandway, cam k\u1ebft c\u1ee7a ch\u00fang t\u00f4i l\u00e0 s\u1eed d\u1ee5ng th\u1eddi gian, t\u00e0i n\u0103ng v\u00e0 chuy\u00ean m\u00f4n c\u1ee7a m\u00ecnh \u0111\u1ec3 \u0111\u00f3ng g\u00f3p cho s\u1ef1 ph\u00e1t tri\u1ec3n c\u1ee7a m\u1ed9t c\u1ed9ng \u0111\u1ed3ng th\u1ecbnh v\u01b0\u1ee3ng, b\u1ec1n v\u1eefng v\u00e0 c\u00f3 l\u1ee3i h\u01a1n. L\u00e0m \u0111\u01b0\u1ee3c \u0111i\u1ec1u n\u00e0y, ch\u00fang ta h\u01b0\u1edbng t\u1edbi vi\u1ec7c t\u1ea1o ra nhi\u1ec1u c\u01a1 h\u1ed9i h\u01a1n cho c\u00e1c th\u1ebf h\u1ec7 t\u01b0\u01a1ng lai.<\/p>\t\t\t\t\t\t\t\t<\/div>\n\t\t\t\t<\/div>\n\t\t\t\t<\/div>\n\t\t<div class=\"elementor-element elementor-element-9bb1b99 e-con-full e-flex e-con e-child\" data-id=\"9bb1b99\" data-element_type=\"container\">\n\t\t\t\t<div class=\"elementor-element elementor-element-9b5121b elementor-widget elementor-widget-image\" data-id=\"9b5121b\" data-element_type=\"widget\" data-widget_type=\"image.default\">\n\t\t\t\t<div class=\"elementor-widget-container\">\n\t\t\t\t\t\t\t\t\t\t\t\t\t\t\t<img decoding=\"async\" width=\"1024\" height=\"683\" src=\"https:\/\/grandway.sg\/wp-content\/uploads\/2024\/01\/image132-1024x683.jpg\" class=\"attachment-large size-large wp-image-110\" alt=\"\" srcset=\"https:\/\/grandway.sg\/wp-content\/uploads\/2024\/01\/image132-1024x683.jpg 1024w, https:\/\/grandway.sg\/wp-content\/uploads\/2024\/01\/image132-300x200.jpg 300w, https:\/\/grandway.sg\/wp-content\/uploads\/2024\/01\/image132-768x512.jpg 768w, https:\/\/grandway.sg\/wp-content\/uploads\/2024\/01\/image132.jpg 1125w\" sizes=\"(max-width: 1024px) 100vw, 1024px\" \/>\t\t\t\t\t\t\t\t\t\t\t\t\t\t\t<\/div>\n\t\t\t\t<\/div>\n\t\t\t\t<\/div>\n\t\t\t\t\t<\/div>\n\t\t\t\t<\/div>\n\t\t\t\t<\/div>\n\t\t","protected":false},"excerpt":{"rendered":"<p>Ph\u00f2ng qu\u1ea3n l\u00fd t\u00e0i ch\u00ednh gia \u0111\u00ecnh GrandWay t\u00edch c\u1ef1c th\u00fac \u0111\u1ea9y tr\u00e1ch nhi\u1ec7m x\u00e3 h\u1ed9i c\u1ee7a doanh nghi\u1ec7p, nh\u1ea5n m\u1ea1nh v\u00e0o s\u1ef1 \u0111a d\u1ea1ng, c\u00f4ng b\u1eb1ng v\u00e0 h\u00f2a nh\u1eadp. Ch\u00fang t\u00f4i cam k\u1ebft t\u1ea1o ra c\u00e1c c\u01a1 h\u1ed9i b\u00ecnh \u0111\u1eb3ng, cam k\u1ebft x\u00e2y d\u1ef1ng m\u1ed9t c\u1ed9ng \u0111\u1ed3ng ph\u00e1t tri\u1ec3n b\u1ec1n v\u1eefng v\u00e0 th\u1ecbnh v\u01b0\u1ee3ng, [&hellip;]<\/p>\n","protected":false},"author":1,"featured_media":0,"parent":0,"menu_order":0,"comment_status":"closed","ping_status":"closed","template":"","meta":{"footnotes":""},"class_list":["post-853","page","type-page","status-publish","hentry"],"blocksy_meta":[],"_links":{"self":[{"href":"https:\/\/grandway.sg\/vi\/wp-json\/wp\/v2\/pages\/853","targetHints":{"allow":["GET"]}}],"collection":[{"href":"https:\/\/grandway.sg\/vi\/wp-json\/wp\/v2\/pages"}],"about":[{"href":"https:\/\/grandway.sg\/vi\/wp-json\/wp\/v2\/types\/page"}],"author":[{"embeddable":true,"href":"https:\/\/grandway.sg\/vi\/wp-json\/wp\/v2\/users\/1"}],"replies":[{"embeddable":true,"href":"https:\/\/grandway.sg\/vi\/wp-json\/wp\/v2\/comments?post=853"}],"version-history":[{"count":6,"href":"https:\/\/grandway.sg\/vi\/wp-json\/wp\/v2\/pages\/853\/revisions"}],"predecessor-version":[{"id":917,"href":"https:\/\/grandway.sg\/vi\/wp-json\/wp\/v2\/pages\/853\/revisions\/917"}],"wp:attachment":[{"href":"https:\/\/grandway.sg\/vi\/wp-json\/wp\/v2\/media?parent=853"}],"curies":[{"name":"wp","href":"https:\/\/api.w.org\/{rel}","templated":true}]}}